{"id":1782,"date":"2022-07-01T12:39:42","date_gmt":"2022-07-01T12:39:42","guid":{"rendered":"https:\/\/paratandem.hst.dataroom.cz\/en\/?page_id=1782"},"modified":"2022-07-01T12:51:54","modified_gmt":"2022-07-01T12:51:54","slug":"advandced-course","status":"publish","type":"page","link":"https:\/\/www.paratandem.cz\/en\/advandced-course\/","title":{"rendered":"Advandced Course"},"content":{"rendered":"\t\t<div data-elementor-type=\"wp-page\" data-elementor-id=\"1782\" class=\"elementor elementor-1782\">\n\t\t\t\t\t\t\t\t\t<section class=\"elementor-section elementor-top-section elementor-element elementor-element-41bd0913 elementor-section-boxed elementor-section-height-default elementor-section-height-default\" data-id=\"41bd0913\" data-element_type=\"section\" data-settings=\"{&quot;background_background&quot;:&quot;classic&quot;}\">\n\t\t\t\t\t\t\t<div class=\"elementor-background-overlay\"><\/div>\n\t\t\t\t\t\t\t<div class=\"elementor-container elementor-column-gap-default\">\n\t\t\t\t\t<div class=\"elementor-column elementor-col-100 elementor-top-column elementor-element elementor-element-6f5e155d\" data-id=\"6f5e155d\" data-element_type=\"column\">\n\t\t\t<div class=\"elementor-widget-wrap elementor-element-populated\">\n\t\t\t\t\t\t\t\t<div class=\"elementor-element elementor-element-5b2beea2 elementor-widget elementor-widget-heading\" data-id=\"5b2beea2\" data-element_type=\"widget\" data-widget_type=\"heading.default\">\n\t\t\t\t<div class=\"elementor-widget-container\">\n\t\t\t<style>\/*! elementor - v3.6.7 - 03-07-2022 *\/\n.elementor-heading-title{padding:0;margin:0;line-height:1}.elementor-widget-heading .elementor-heading-title[class*=elementor-size-]>a{color:inherit;font-size:inherit;line-height:inherit}.elementor-widget-heading .elementor-heading-title.elementor-size-small{font-size:15px}.elementor-widget-heading .elementor-heading-title.elementor-size-medium{font-size:19px}.elementor-widget-heading .elementor-heading-title.elementor-size-large{font-size:29px}.elementor-widget-heading .elementor-heading-title.elementor-size-xl{font-size:39px}.elementor-widget-heading .elementor-heading-title.elementor-size-xxl{font-size:59px}<\/style><h1 class=\"elementor-heading-title elementor-size-default\">Advanced course<\/h1>\t\t<\/div>\n\t\t\t\t<\/div>\n\t\t\t\t\t<\/div>\n\t\t<\/div>\n\t\t\t\t\t\t\t<\/div>\n\t\t<\/section>\n\t\t\t\t<section class=\"elementor-section elementor-top-section elementor-element elementor-element-41dcd0d elementor-section-boxed elementor-section-height-default elementor-section-height-default\" data-id=\"41dcd0d\" data-element_type=\"section\">\n\t\t\t\t\t\t<div class=\"elementor-container elementor-column-gap-default\">\n\t\t\t\t\t<div class=\"elementor-column elementor-col-100 elementor-top-column elementor-element elementor-element-420774b5\" data-id=\"420774b5\" data-element_type=\"column\">\n\t\t\t<div class=\"elementor-widget-wrap elementor-element-populated\">\n\t\t\t\t\t\t\t\t<div class=\"elementor-element elementor-element-2f1c1afc elementor-widget elementor-widget-heading\" data-id=\"2f1c1afc\" data-element_type=\"widget\" data-widget_type=\"heading.default\">\n\t\t\t\t<div class=\"elementor-widget-container\">\n\t\t\t<h2 class=\"elementor-heading-title elementor-size-default\">Advanced course for sport training<\/h2>\t\t<\/div>\n\t\t\t\t<\/div>\n\t\t\t\t<div class=\"elementor-element elementor-element-62490ef2 elementor-widget elementor-widget-text-editor\" data-id=\"62490ef2\" data-element_type=\"widget\" data-widget_type=\"text-editor.default\">\n\t\t\t\t<div class=\"elementor-widget-container\">\n\t\t\t<style>\/*! elementor - v3.6.7 - 03-07-2022 *\/\n.elementor-widget-text-editor.elementor-drop-cap-view-stacked .elementor-drop-cap{background-color:#818a91;color:#fff}.elementor-widget-text-editor.elementor-drop-cap-view-framed .elementor-drop-cap{color:#818a91;border:3px solid;background-color:transparent}.elementor-widget-text-editor:not(.elementor-drop-cap-view-default) .elementor-drop-cap{margin-top:8px}.elementor-widget-text-editor:not(.elementor-drop-cap-view-default) .elementor-drop-cap-letter{width:1em;height:1em}.elementor-widget-text-editor .elementor-drop-cap{float:left;text-align:center;line-height:1;font-size:50px}.elementor-widget-text-editor .elementor-drop-cap-letter{display:inline-block}<\/style>\t\t\t\t<p><strong>Continually follows up the basic course and serves for the transition from the automatic opening to the self-opening of the parachute in the free jump.<\/strong><\/p><ul><li>This course contains about 35 jumps. The height of these jumps is around 1500 meters to 4000 meters. It is run by the sport curriculum Ae\u010cR and is finished with the administer of the category A. Part of the course is land preparing, where you learn how to control your body in free-fall.<\/li><li>The ground training, where you can teach how to control your body in free-fall is also included in course.<\/li><li>For these jumps you will again be equipped with the parachutes Falcon.<\/li><\/ul>\t\t\t\t\t\t<\/div>\n\t\t\t\t<\/div>\n\t\t\t\t\t<\/div>\n\t\t<\/div>\n\t\t\t\t\t\t\t<\/div>\n\t\t<\/section>\n\t\t\t\t<section class=\"elementor-section elementor-top-section elementor-element elementor-element-1de8c716 elementor-reverse-mobile elementor-section-boxed elementor-section-height-default elementor-section-height-default\" data-id=\"1de8c716\" data-element_type=\"section\">\n\t\t\t\t\t\t<div class=\"elementor-container elementor-column-gap-no\">\n\t\t\t\t\t<div class=\"elementor-column elementor-col-50 elementor-top-column elementor-element elementor-element-5c783f64\" data-id=\"5c783f64\" data-element_type=\"column\">\n\t\t\t<div class=\"elementor-widget-wrap elementor-element-populated\">\n\t\t\t\t\t\t\t\t<div class=\"elementor-element elementor-element-225afc92 elementor-widget elementor-widget-image\" data-id=\"225afc92\" data-element_type=\"widget\" data-widget_type=\"image.default\">\n\t\t\t\t<div class=\"elementor-widget-container\">\n\t\t\t<style>\/*! elementor - v3.6.7 - 03-07-2022 *\/\n.elementor-widget-image{text-align:center}.elementor-widget-image a{display:inline-block}.elementor-widget-image a img[src$=\".svg\"]{width:48px}.elementor-widget-image img{vertical-align:middle;display:inline-block}<\/style>\t\t\t\t\t\t\t\t\t\t\t\t<img loading=\"lazy\" decoding=\"async\" width=\"1024\" height=\"576\" src=\"https:\/\/www.paratandem.cz\/en\/wp-content\/uploads\/2022\/07\/sportovni-vycvik-2-1024x576.jpg\" class=\"attachment-large size-large\" alt=\"\" srcset=\"https:\/\/www.paratandem.cz\/en\/wp-content\/uploads\/2022\/07\/sportovni-vycvik-2-1024x576.jpg 1024w, https:\/\/www.paratandem.cz\/en\/wp-content\/uploads\/2022\/07\/sportovni-vycvik-2-300x169.jpg 300w, https:\/\/www.paratandem.cz\/en\/wp-content\/uploads\/2022\/07\/sportovni-vycvik-2-768x432.jpg 768w, https:\/\/www.paratandem.cz\/en\/wp-content\/uploads\/2022\/07\/sportovni-vycvik-2-1536x864.jpg 1536w, https:\/\/www.paratandem.cz\/en\/wp-content\/uploads\/2022\/07\/sportovni-vycvik-2.jpg 1920w\" sizes=\"auto, (max-width: 1024px) 100vw, 1024px\" \/>\t\t\t\t\t\t\t\t\t\t\t\t\t\t\t<\/div>\n\t\t\t\t<\/div>\n\t\t\t\t\t<\/div>\n\t\t<\/div>\n\t\t\t\t<div class=\"elementor-column elementor-col-50 elementor-top-column elementor-element elementor-element-71fc77c3\" data-id=\"71fc77c3\" data-element_type=\"column\">\n\t\t\t<div class=\"elementor-widget-wrap elementor-element-populated\">\n\t\t\t\t\t\t\t\t<div class=\"elementor-element elementor-element-212726e7 elementor-widget elementor-widget-heading\" data-id=\"212726e7\" data-element_type=\"widget\" data-widget_type=\"heading.default\">\n\t\t\t\t<div class=\"elementor-widget-container\">\n\t\t\t<h2 class=\"elementor-heading-title elementor-size-default\">WIND TUNNEL<\/h2>\t\t<\/div>\n\t\t\t\t<\/div>\n\t\t\t\t<div class=\"elementor-element elementor-element-54951a37 elementor-position-top elementor-vertical-align-top elementor-widget elementor-widget-image-box\" data-id=\"54951a37\" data-element_type=\"widget\" data-widget_type=\"image-box.default\">\n\t\t\t\t<div class=\"elementor-widget-container\">\n\t\t\t<style>\/*! elementor - v3.6.7 - 03-07-2022 *\/\n.elementor-widget-image-box .elementor-image-box-content{width:100%}@media (min-width:768px){.elementor-widget-image-box.elementor-position-left .elementor-image-box-wrapper,.elementor-widget-image-box.elementor-position-right .elementor-image-box-wrapper{display:-webkit-box;display:-ms-flexbox;display:flex}.elementor-widget-image-box.elementor-position-right .elementor-image-box-wrapper{text-align:right;-webkit-box-orient:horizontal;-webkit-box-direction:reverse;-ms-flex-direction:row-reverse;flex-direction:row-reverse}.elementor-widget-image-box.elementor-position-left .elementor-image-box-wrapper{text-align:left;-webkit-box-orient:horizontal;-webkit-box-direction:normal;-ms-flex-direction:row;flex-direction:row}.elementor-widget-image-box.elementor-position-top .elementor-image-box-img{margin:auto}.elementor-widget-image-box.elementor-vertical-align-top .elementor-image-box-wrapper{-webkit-box-align:start;-ms-flex-align:start;align-items:flex-start}.elementor-widget-image-box.elementor-vertical-align-middle .elementor-image-box-wrapper{-webkit-box-align:center;-ms-flex-align:center;align-items:center}.elementor-widget-image-box.elementor-vertical-align-bottom .elementor-image-box-wrapper{-webkit-box-align:end;-ms-flex-align:end;align-items:flex-end}}@media (max-width:767px){.elementor-widget-image-box .elementor-image-box-img{margin-left:auto!important;margin-right:auto!important;margin-bottom:15px}}.elementor-widget-image-box .elementor-image-box-img{display:inline-block}.elementor-widget-image-box .elementor-image-box-title a{color:inherit}.elementor-widget-image-box .elementor-image-box-wrapper{text-align:center}.elementor-widget-image-box .elementor-image-box-description{margin:0}<\/style><div class=\"elementor-image-box-wrapper\"><div class=\"elementor-image-box-content\"><p class=\"elementor-image-box-description\">How actually wind tunnel works? \n\nThe air in the wind tunnel moves up at high speed. We can organize a trip to Wind tunnel (free-fall simulation). \u201eFlying\u201c in tunnel is especially useful for beginners after the basic course because it is the best way to get to know how to handle your body in free-fall<\/p><\/div><\/div>\t\t<\/div>\n\t\t\t\t<\/div>\n\t\t\t\t<section class=\"elementor-section elementor-inner-section elementor-element elementor-element-5f2888a7 elementor-section-boxed elementor-section-height-default elementor-section-height-default\" data-id=\"5f2888a7\" data-element_type=\"section\">\n\t\t\t\t\t\t<div class=\"elementor-container elementor-column-gap-default\">\n\t\t\t\t\t<div class=\"elementor-column elementor-col-50 elementor-inner-column elementor-element elementor-element-541b190f\" data-id=\"541b190f\" data-element_type=\"column\">\n\t\t\t<div class=\"elementor-widget-wrap elementor-element-populated\">\n\t\t\t\t\t\t\t\t<div class=\"elementor-element elementor-element-877f8f elementor-align-justify elementor-widget__width-inherit elementor-widget elementor-widget-button\" data-id=\"877f8f\" data-element_type=\"widget\" data-widget_type=\"button.default\">\n\t\t\t\t<div class=\"elementor-widget-container\">\n\t\t\t\t\t<div class=\"elementor-button-wrapper\">\n\t\t\t<a href=\"\/en\/price-list\/\" class=\"elementor-button-link elementor-button elementor-size-xs\" role=\"button\">\n\t\t\t\t\t\t<span class=\"elementor-button-content-wrapper\">\n\t\t\t\t\t\t<span class=\"elementor-button-text\">Prices<\/span>\n\t\t<\/span>\n\t\t\t\t\t<\/a>\n\t\t<\/div>\n\t\t\t\t<\/div>\n\t\t\t\t<\/div>\n\t\t\t\t\t<\/div>\n\t\t<\/div>\n\t\t\t\t<div class=\"elementor-column elementor-col-50 elementor-inner-column elementor-element elementor-element-caf164e\" data-id=\"caf164e\" data-element_type=\"column\">\n\t\t\t<div class=\"elementor-widget-wrap elementor-element-populated\">\n\t\t\t\t\t\t\t\t<div class=\"elementor-element elementor-element-470c4ab5 elementor-align-justify elementor-widget__width-inherit elementor-widget elementor-widget-button\" data-id=\"470c4ab5\" data-element_type=\"widget\" data-widget_type=\"button.default\">\n\t\t\t\t<div class=\"elementor-widget-container\">\n\t\t\t\t\t<div class=\"elementor-button-wrapper\">\n\t\t\t<a href=\"\/en\/dates\/\" class=\"elementor-button-link elementor-button elementor-size-xs\" role=\"button\">\n\t\t\t\t\t\t<span class=\"elementor-button-content-wrapper\">\n\t\t\t\t\t\t<span class=\"elementor-button-text\">Dates<\/span>\n\t\t<\/span>\n\t\t\t\t\t<\/a>\n\t\t<\/div>\n\t\t\t\t<\/div>\n\t\t\t\t<\/div>\n\t\t\t\t\t<\/div>\n\t\t<\/div>\n\t\t\t\t\t\t\t<\/div>\n\t\t<\/section>\n\t\t\t\t\t<\/div>\n\t\t<\/div>\n\t\t\t\t\t\t\t<\/div>\n\t\t<\/section>\n\t\t\t\t<section class=\"elementor-section elementor-top-section elementor-element elementor-element-413a8e8c elementor-section-boxed elementor-section-height-default elementor-section-height-default\" data-id=\"413a8e8c\" data-element_type=\"section\">\n\t\t\t\t\t\t<div class=\"elementor-container elementor-column-gap-default\">\n\t\t\t\t\t<div class=\"elementor-column elementor-col-100 elementor-top-column elementor-element elementor-element-7150d723\" data-id=\"7150d723\" data-element_type=\"column\">\n\t\t\t<div class=\"elementor-widget-wrap elementor-element-populated\">\n\t\t\t\t\t\t\t\t<div class=\"elementor-element elementor-element-541562f5 gallery-spacing-custom elementor-widget elementor-widget-image-gallery\" data-id=\"541562f5\" data-element_type=\"widget\" data-widget_type=\"image-gallery.default\">\n\t\t\t\t<div class=\"elementor-widget-container\">\n\t\t\t<style>\/*! elementor - v3.6.7 - 03-07-2022 *\/\n.elementor-image-gallery .gallery-item{display:inline-block;text-align:center;vertical-align:top;width:100%;max-width:100%;margin:0 auto}.elementor-image-gallery .gallery-item img{margin:0 auto}.elementor-image-gallery .gallery-item .gallery-caption{margin:0}.elementor-image-gallery figure img{display:block}.elementor-image-gallery figure figcaption{width:100%}.gallery-spacing-custom .elementor-image-gallery .gallery-icon{padding:0}@media (min-width:768px){.elementor-image-gallery .gallery-columns-2 .gallery-item{max-width:50%}.elementor-image-gallery .gallery-columns-3 .gallery-item{max-width:33.33%}.elementor-image-gallery .gallery-columns-4 .gallery-item{max-width:25%}.elementor-image-gallery .gallery-columns-5 .gallery-item{max-width:20%}.elementor-image-gallery .gallery-columns-6 .gallery-item{max-width:16.666%}.elementor-image-gallery .gallery-columns-7 .gallery-item{max-width:14.28%}.elementor-image-gallery .gallery-columns-8 .gallery-item{max-width:12.5%}.elementor-image-gallery .gallery-columns-9 .gallery-item{max-width:11.11%}.elementor-image-gallery .gallery-columns-10 .gallery-item{max-width:10%}}@media (min-width:480px) and (max-width:767px){.elementor-image-gallery .gallery.gallery-columns-2 .gallery-item,.elementor-image-gallery .gallery.gallery-columns-3 .gallery-item,.elementor-image-gallery .gallery.gallery-columns-4 .gallery-item,.elementor-image-gallery .gallery.gallery-columns-5 .gallery-item,.elementor-image-gallery .gallery.gallery-columns-6 .gallery-item,.elementor-image-gallery .gallery.gallery-columns-7 .gallery-item,.elementor-image-gallery .gallery.gallery-columns-8 .gallery-item,.elementor-image-gallery .gallery.gallery-columns-9 .gallery-item,.elementor-image-gallery .gallery.gallery-columns-10 .gallery-item{max-width:50%}}@media (max-width:479px){.elementor-image-gallery .gallery.gallery-columns-2 .gallery-item,.elementor-image-gallery .gallery.gallery-columns-3 .gallery-item,.elementor-image-gallery .gallery.gallery-columns-4 .gallery-item,.elementor-image-gallery .gallery.gallery-columns-5 .gallery-item,.elementor-image-gallery .gallery.gallery-columns-6 .gallery-item,.elementor-image-gallery .gallery.gallery-columns-7 .gallery-item,.elementor-image-gallery .gallery.gallery-columns-8 .gallery-item,.elementor-image-gallery .gallery.gallery-columns-9 .gallery-item,.elementor-image-gallery .gallery.gallery-columns-10 .gallery-item{max-width:100%}}<\/style>\t\t<div class=\"elementor-image-gallery\">\n\t\t\t<div id='gallery-1' class='gallery galleryid-1782 gallery-columns-8 gallery-size-thumbnail'><figure class='gallery-item'>\n\t\t\t<div class='gallery-icon landscape'>\n\t\t\t\t<a data-elementor-open-lightbox=\"yes\" data-elementor-lightbox-slideshow=\"541562f5\" data-elementor-lightbox-title=\"v\u00fdskok-stabilizace\" e-action-hash=\"#elementor-action%3Aaction%3Dlightbox%26settings%3DeyJpZCI6MTc5OCwidXJsIjoiaHR0cHM6XC9cL3d3dy5wYXJhdGFuZGVtLmN6XC9lblwvd3AtY29udGVudFwvdXBsb2Fkc1wvMjAyMlwvMDdcL3Z5c2tvay1zdGFiaWxpemFjZS5qcGciLCJzbGlkZXNob3ciOiI1NDE1NjJmNSJ9\" href='https:\/\/www.paratandem.cz\/en\/wp-content\/uploads\/2022\/07\/vyskok-stabilizace.jpg'><img loading=\"lazy\" decoding=\"async\" width=\"150\" height=\"150\" src=\"https:\/\/www.paratandem.cz\/en\/wp-content\/uploads\/2022\/07\/vyskok-stabilizace-150x150.jpg\" class=\"attachment-thumbnail size-thumbnail\" alt=\"\" \/><\/a>\n\t\t\t<\/div><\/figure><figure class='gallery-item'>\n\t\t\t<div class='gallery-icon landscape'>\n\t\t\t\t<a data-elementor-open-lightbox=\"yes\" data-elementor-lightbox-slideshow=\"541562f5\" data-elementor-lightbox-title=\"V\u00fdskok-pokra\u010dovac\u00ed-v\u00fdcvik\" e-action-hash=\"#elementor-action%3Aaction%3Dlightbox%26settings%3DeyJpZCI6MTc5OSwidXJsIjoiaHR0cHM6XC9cL3d3dy5wYXJhdGFuZGVtLmN6XC9lblwvd3AtY29udGVudFwvdXBsb2Fkc1wvMjAyMlwvMDdcL1Z5c2tvay1wb2tyYWNvdmFjaS12eWN2aWsuanBnIiwic2xpZGVzaG93IjoiNTQxNTYyZjUifQ%3D%3D\" href='https:\/\/www.paratandem.cz\/en\/wp-content\/uploads\/2022\/07\/Vyskok-pokracovaci-vycvik.jpg'><img loading=\"lazy\" decoding=\"async\" width=\"150\" height=\"150\" src=\"https:\/\/www.paratandem.cz\/en\/wp-content\/uploads\/2022\/07\/Vyskok-pokracovaci-vycvik-150x150.jpg\" class=\"attachment-thumbnail size-thumbnail\" alt=\"\" \/><\/a>\n\t\t\t<\/div><\/figure><figure class='gallery-item'>\n\t\t\t<div class='gallery-icon landscape'>\n\t\t\t\t<a data-elementor-open-lightbox=\"yes\" data-elementor-lightbox-slideshow=\"541562f5\" data-elementor-lightbox-title=\"v\u00fdskok-pokra\u010dovac\u00ed-v\u00fdcvik-2\" e-action-hash=\"#elementor-action%3Aaction%3Dlightbox%26settings%3DeyJpZCI6MTgwMCwidXJsIjoiaHR0cHM6XC9cL3d3dy5wYXJhdGFuZGVtLmN6XC9lblwvd3AtY29udGVudFwvdXBsb2Fkc1wvMjAyMlwvMDdcL3Z5c2tvay1wb2tyYWNvdmFjaS12eWN2aWstMi5qcGciLCJzbGlkZXNob3ciOiI1NDE1NjJmNSJ9\" href='https:\/\/www.paratandem.cz\/en\/wp-content\/uploads\/2022\/07\/vyskok-pokracovaci-vycvik-2.jpg'><img loading=\"lazy\" decoding=\"async\" width=\"150\" height=\"150\" src=\"https:\/\/www.paratandem.cz\/en\/wp-content\/uploads\/2022\/07\/vyskok-pokracovaci-vycvik-2-150x150.jpg\" class=\"attachment-thumbnail size-thumbnail\" alt=\"\" \/><\/a>\n\t\t\t<\/div><\/figure><figure class='gallery-item'>\n\t\t\t<div class='gallery-icon landscape'>\n\t\t\t\t<a data-elementor-open-lightbox=\"yes\" data-elementor-lightbox-slideshow=\"541562f5\" data-elementor-lightbox-title=\"sportovn\u00ed-v\u00fdcvik\" e-action-hash=\"#elementor-action%3Aaction%3Dlightbox%26settings%3DeyJpZCI6MTgwMSwidXJsIjoiaHR0cHM6XC9cL3d3dy5wYXJhdGFuZGVtLmN6XC9lblwvd3AtY29udGVudFwvdXBsb2Fkc1wvMjAyMlwvMDdcL3Nwb3J0b3ZuaS12eWN2aWsuanBnIiwic2xpZGVzaG93IjoiNTQxNTYyZjUifQ%3D%3D\" href='https:\/\/www.paratandem.cz\/en\/wp-content\/uploads\/2022\/07\/sportovni-vycvik.jpg'><img loading=\"lazy\" decoding=\"async\" width=\"150\" height=\"150\" src=\"https:\/\/www.paratandem.cz\/en\/wp-content\/uploads\/2022\/07\/sportovni-vycvik-150x150.jpg\" class=\"attachment-thumbnail size-thumbnail\" alt=\"\" \/><\/a>\n\t\t\t<\/div><\/figure><figure class='gallery-item'>\n\t\t\t<div class='gallery-icon landscape'>\n\t\t\t\t<a data-elementor-open-lightbox=\"yes\" data-elementor-lightbox-slideshow=\"541562f5\" data-elementor-lightbox-title=\"sportovn\u00ed-v\u00fdcvik-3\" e-action-hash=\"#elementor-action%3Aaction%3Dlightbox%26settings%3DeyJpZCI6MTgwMiwidXJsIjoiaHR0cHM6XC9cL3d3dy5wYXJhdGFuZGVtLmN6XC9lblwvd3AtY29udGVudFwvdXBsb2Fkc1wvMjAyMlwvMDdcL3Nwb3J0b3ZuaS12eWN2aWstMy5qcGciLCJzbGlkZXNob3ciOiI1NDE1NjJmNSJ9\" href='https:\/\/www.paratandem.cz\/en\/wp-content\/uploads\/2022\/07\/sportovni-vycvik-3.jpg'><img loading=\"lazy\" decoding=\"async\" width=\"150\" height=\"150\" src=\"https:\/\/www.paratandem.cz\/en\/wp-content\/uploads\/2022\/07\/sportovni-vycvik-3-150x150.jpg\" class=\"attachment-thumbnail size-thumbnail\" alt=\"\" \/><\/a>\n\t\t\t<\/div><\/figure><figure class='gallery-item'>\n\t\t\t<div class='gallery-icon landscape'>\n\t\t\t\t<a data-elementor-open-lightbox=\"yes\" data-elementor-lightbox-slideshow=\"541562f5\" data-elementor-lightbox-title=\"sportovn\u00ed-v\u00fdcvik-2\" e-action-hash=\"#elementor-action%3Aaction%3Dlightbox%26settings%3DeyJpZCI6MTgwMywidXJsIjoiaHR0cHM6XC9cL3d3dy5wYXJhdGFuZGVtLmN6XC9lblwvd3AtY29udGVudFwvdXBsb2Fkc1wvMjAyMlwvMDdcL3Nwb3J0b3ZuaS12eWN2aWstMi5qcGciLCJzbGlkZXNob3ciOiI1NDE1NjJmNSJ9\" href='https:\/\/www.paratandem.cz\/en\/wp-content\/uploads\/2022\/07\/sportovni-vycvik-2.jpg'><img loading=\"lazy\" decoding=\"async\" width=\"150\" height=\"150\" src=\"https:\/\/www.paratandem.cz\/en\/wp-content\/uploads\/2022\/07\/sportovni-vycvik-2-150x150.jpg\" class=\"attachment-thumbnail size-thumbnail\" alt=\"\" \/><\/a>\n\t\t\t<\/div><\/figure><figure class='gallery-item'>\n\t\t\t<div class='gallery-icon landscape'>\n\t\t\t\t<a data-elementor-open-lightbox=\"yes\" data-elementor-lightbox-slideshow=\"541562f5\" data-elementor-lightbox-title=\"sportovci-pokra\u010dovac\u00ed-v\u00fdcvik\" e-action-hash=\"#elementor-action%3Aaction%3Dlightbox%26settings%3DeyJpZCI6MTgwNCwidXJsIjoiaHR0cHM6XC9cL3d3dy5wYXJhdGFuZGVtLmN6XC9lblwvd3AtY29udGVudFwvdXBsb2Fkc1wvMjAyMlwvMDdcL3Nwb3J0b3ZjaS1wb2tyYWNvdmFjaS12eWN2aWsuanBnIiwic2xpZGVzaG93IjoiNTQxNTYyZjUifQ%3D%3D\" href='https:\/\/www.paratandem.cz\/en\/wp-content\/uploads\/2022\/07\/sportovci-pokracovaci-vycvik.jpg'><img loading=\"lazy\" decoding=\"async\" width=\"150\" height=\"150\" src=\"https:\/\/www.paratandem.cz\/en\/wp-content\/uploads\/2022\/07\/sportovci-pokracovaci-vycvik-150x150.jpg\" class=\"attachment-thumbnail size-thumbnail\" alt=\"\" \/><\/a>\n\t\t\t<\/div><\/figure><figure class='gallery-item'>\n\t\t\t<div class='gallery-icon landscape'>\n\t\t\t\t<a data-elementor-open-lightbox=\"yes\" data-elementor-lightbox-slideshow=\"541562f5\" data-elementor-lightbox-title=\"IMG_8152\" e-action-hash=\"#elementor-action%3Aaction%3Dlightbox%26settings%3DeyJpZCI6MTgwNSwidXJsIjoiaHR0cHM6XC9cL3d3dy5wYXJhdGFuZGVtLmN6XC9lblwvd3AtY29udGVudFwvdXBsb2Fkc1wvMjAyMlwvMDdcL0lNR184MTUyLXNjYWxlZC5qcGciLCJzbGlkZXNob3ciOiI1NDE1NjJmNSJ9\" href='https:\/\/www.paratandem.cz\/en\/wp-content\/uploads\/2022\/07\/IMG_8152-scaled.jpg'><img loading=\"lazy\" decoding=\"async\" width=\"150\" height=\"150\" src=\"https:\/\/www.paratandem.cz\/en\/wp-content\/uploads\/2022\/07\/IMG_8152-150x150.jpg\" class=\"attachment-thumbnail size-thumbnail\" alt=\"\" \/><\/a>\n\t\t\t<\/div><\/figure>\n\t\t<\/div>\n\t\t<\/div>\n\t\t\t\t<\/div>\n\t\t\t\t<\/div>\n\t\t\t\t\t<\/div>\n\t\t<\/div>\n\t\t\t\t\t\t\t<\/div>\n\t\t<\/section>\n\t\t\t\t\t\t\t<\/div>\n\t\t","protected":false},"excerpt":{"rendered":"<p>Advanced course Advanced course for sport training Continually follows up the basic course and serves for the transition from the automatic opening to the self-opening of the parachute in the free jump. This course contains about 35 jumps. The height of these jumps is around 1500 meters to 4000 meters. It is run by the &hellip;<\/p>\n<p class=\"read-more\"> <a class=\"\" href=\"https:\/\/www.paratandem.cz\/en\/advandced-course\/\"> <span class=\"screen-reader-text\">Advandced Course<\/span> Read More &raquo;<\/a><\/p>\n","protected":false},"author":1,"featured_media":0,"parent":0,"menu_order":0,"comment_status":"closed","ping_status":"closed","template":"","meta":{"site-sidebar-layout":"no-sidebar","site-content-layout":"page-builder","ast-global-header-display":"","ast-main-header-display":"","ast-hfb-above-header-display":"","ast-hfb-below-header-display":"","ast-hfb-mobile-header-display":"","site-post-title":"disabled","ast-breadcrumbs-content":"","ast-featured-img":"disabled","footer-sml-layout":"","theme-transparent-header-meta":"enabled","adv-header-id-meta":"","stick-header-meta":"","header-above-stick-meta":"","header-main-stick-meta":"","header-below-stick-meta":"","ngg_post_thumbnail":0,"footnotes":""},"class_list":["post-1782","page","type-page","status-publish","hentry"],"_links":{"self":[{"href":"https:\/\/www.paratandem.cz\/en\/wp-json\/wp\/v2\/pages\/1782","targetHints":{"allow":["GET"]}}],"collection":[{"href":"https:\/\/www.paratandem.cz\/en\/wp-json\/wp\/v2\/pages"}],"about":[{"href":"https:\/\/www.paratandem.cz\/en\/wp-json\/wp\/v2\/types\/page"}],"author":[{"embeddable":true,"href":"https:\/\/www.paratandem.cz\/en\/wp-json\/wp\/v2\/users\/1"}],"replies":[{"embeddable":true,"href":"https:\/\/www.paratandem.cz\/en\/wp-json\/wp\/v2\/comments?post=1782"}],"version-history":[{"count":19,"href":"https:\/\/www.paratandem.cz\/en\/wp-json\/wp\/v2\/pages\/1782\/revisions"}],"predecessor-version":[{"id":1811,"href":"https:\/\/www.paratandem.cz\/en\/wp-json\/wp\/v2\/pages\/1782\/revisions\/1811"}],"wp:attachment":[{"href":"https:\/\/www.paratandem.cz\/en\/wp-json\/wp\/v2\/media?parent=1782"}],"curies":[{"name":"wp","href":"https:\/\/api.w.org\/{rel}","templated":true}]}}